{"id":4630,"date":"2024-06-28T10:04:17","date_gmt":"2024-06-28T08:04:17","guid":{"rendered":"http:\/\/site.mon-epicerie-berrichonne.fr\/?post_type=product&#038;p=4630"},"modified":"2024-06-28T10:04:17","modified_gmt":"2024-06-28T08:04:17","slug":"lentilles-vertes-berrichonne","status":"publish","type":"product","link":"https:\/\/mon-epicerie-berrichonne.fr\/index.php\/product\/lentilles-vertes-berrichonne\/","title":{"rendered":"Lentilles Vertes Berrichonne"},"content":{"rendered":"<p>Classique de la cuisine traditionnelle, la lentille verte berrichonne a un go\u00fbt prononc\u00e9e, elle se marie avec harmonie avec la saucisse de Toulouse ou avec le petit sal\u00e9. Elle s&#8217;accommode aussi \u00e0 merveille en vinaigrette.<\/p>\n<p>Processus de Culture\u00a0:<\/p>\n<ul>\n<li>Dans une terre argilo-calcaire les lentilles sont sem\u00e9es en Mars.<\/li>\n<li>R\u00e9colt\u00e9es en Juillet \u00e0 l\u2019aide d\u2019une moissonneuse batteuse.<\/li>\n<li>Un triage pr\u00e9alable est fait dans un s\u00e9parateur.<\/li>\n<li>Un dernier triage est effectu\u00e9 via un toboggan (centrifugeuse) afin supprimer les derni\u00e8res impuret\u00e9s comme les cailloux qui ont de m\u00eame diam\u00e8tre que les lentilles mais pas le m\u00eame poids.<\/li>\n<li>Un d\u00e9lais d&#8217;attente entre la r\u00e9colte et le conditionnement sont n\u00e9cessaire afin que les bruches (seul insecte qui s&#8217;attaque \u00e0 la lentille) puissent s&#8217;envoler et quitter la lentille.<\/li>\n<\/ul>\n","protected":false},"excerpt":{"rendered":"<p>Classique de la cuisine traditionnelle, la lentille verte berrichonne a un go\u00fbt prononc\u00e9e, elle se marie avec harmonie avec la saucisse de Toulouse ou avec le petit sal\u00e9. Elle s&#8217;accommode aussi \u00e0 merveille en vinaigrette. Processus de Culture\u00a0: Dans une terre argilo-calcaire les lentilles sont sem\u00e9es en Mars. R\u00e9colt\u00e9es en Juillet \u00e0 l\u2019aide d\u2019une moissonneuse&#8230;<\/p>\n","protected":false},"featured_media":4631,"comment_status":"open","ping_status":"closed","template":"","meta":[],"product_brand":[],"product_cat":[67],"product_tag":[],"class_list":{"0":"post-4630","1":"product","2":"type-product","3":"status-publish","4":"has-post-thumbnail","6":"product_cat-lentilles","7":"nt-post-class","8":"","12":"excerpt-none","17":"first","18":"instock","19":"taxable","20":"shipping-taxable","21":"purchasable","22":"product-type-variable"},"yoast_head":"<!-- This site is optimized with the Yoast SEO plugin v27.2 - https:\/\/yoast.com\/product\/yoast-seo-wordpress\/ -->\n<title>Lentilles Vertes Berrichonne - Mon Epicerie berrichonne<\/title>\n<meta name=\"robots\" content=\"index, follow, max-snippet:-1, max-image-preview:large, max-video-preview:-1\" \/>\n<link rel=\"canonical\" href=\"https:\/\/mon-epicerie-berrichonne.fr\/index.php\/product\/lentilles-vertes-berrichonne\/\" \/>\n<meta property=\"og:locale\" content=\"fr_FR\" \/>\n<meta property=\"og:type\" content=\"article\" \/>\n<meta property=\"og:title\" content=\"Lentilles Vertes Berrichonne - Mon Epicerie berrichonne\" \/>\n<meta property=\"og:description\" content=\"Classique de la cuisine traditionnelle, la lentille verte berrichonne a un go\u00fbt prononc\u00e9e, elle se marie avec harmonie avec la saucisse de Toulouse ou avec le petit sal\u00e9. Elle s&#8217;accommode aussi \u00e0 merveille en vinaigrette. Processus de Culture\u00a0: Dans une terre argilo-calcaire les lentilles sont sem\u00e9es en Mars. R\u00e9colt\u00e9es en Juillet \u00e0 l\u2019aide d\u2019une moissonneuse...\" \/>\n<meta property=\"og:url\" content=\"https:\/\/mon-epicerie-berrichonne.fr\/index.php\/product\/lentilles-vertes-berrichonne\/\" \/>\n<meta property=\"og:site_name\" content=\"Mon Epicerie berrichonne\" \/>\n<meta property=\"og:image\" content=\"https:\/\/mon-epicerie-berrichonne.fr\/wp-content\/uploads\/2024\/06\/LENTILLES-VERTES-1-scaled-2.jpg\" \/>\n\t<meta property=\"og:image:width\" content=\"1920\" \/>\n\t<meta property=\"og:image:height\" content=\"2560\" \/>\n\t<meta property=\"og:image:type\" content=\"image\/jpeg\" \/>\n<meta name=\"twitter:card\" content=\"summary_large_image\" \/>\n<meta name=\"twitter:label1\" content=\"Dur\u00e9e de lecture estim\u00e9e\" \/>\n\t<meta name=\"twitter:data1\" content=\"1 minute\" \/>\n<script type=\"application\/ld+json\" class=\"yoast-schema-graph\">{\"@context\":\"https:\/\/schema.org\",\"@graph\":[{\"@type\":\"WebPage\",\"@id\":\"https:\/\/mon-epicerie-berrichonne.fr\/index.php\/product\/lentilles-vertes-berrichonne\/\",\"url\":\"https:\/\/mon-epicerie-berrichonne.fr\/index.php\/product\/lentilles-vertes-berrichonne\/\",\"name\":\"Lentilles Vertes Berrichonne - Mon Epicerie berrichonne\",\"isPartOf\":{\"@id\":\"https:\/\/mon-epicerie-berrichonne.fr\/#website\"},\"primaryImageOfPage\":{\"@id\":\"https:\/\/mon-epicerie-berrichonne.fr\/index.php\/product\/lentilles-vertes-berrichonne\/#primaryimage\"},\"image\":{\"@id\":\"https:\/\/mon-epicerie-berrichonne.fr\/index.php\/product\/lentilles-vertes-berrichonne\/#primaryimage\"},\"thumbnailUrl\":\"https:\/\/mon-epicerie-berrichonne.fr\/wp-content\/uploads\/2024\/06\/LENTILLES-VERTES-1-scaled-2.jpg\",\"datePublished\":\"2024-06-28T08:04:17+00:00\",\"breadcrumb\":{\"@id\":\"https:\/\/mon-epicerie-berrichonne.fr\/index.php\/product\/lentilles-vertes-berrichonne\/#breadcrumb\"},\"inLanguage\":\"fr-FR\",\"potentialAction\":[{\"@type\":\"ReadAction\",\"target\":[\"https:\/\/mon-epicerie-berrichonne.fr\/index.php\/product\/lentilles-vertes-berrichonne\/\"]}]},{\"@type\":\"ImageObject\",\"inLanguage\":\"fr-FR\",\"@id\":\"https:\/\/mon-epicerie-berrichonne.fr\/index.php\/product\/lentilles-vertes-berrichonne\/#primaryimage\",\"url\":\"https:\/\/mon-epicerie-berrichonne.fr\/wp-content\/uploads\/2024\/06\/LENTILLES-VERTES-1-scaled-2.jpg\",\"contentUrl\":\"https:\/\/mon-epicerie-berrichonne.fr\/wp-content\/uploads\/2024\/06\/LENTILLES-VERTES-1-scaled-2.jpg\",\"width\":1920,\"height\":2560,\"caption\":\"Lentilles vertes\"},{\"@type\":\"BreadcrumbList\",\"@id\":\"https:\/\/mon-epicerie-berrichonne.fr\/index.php\/product\/lentilles-vertes-berrichonne\/#breadcrumb\",\"itemListElement\":[{\"@type\":\"ListItem\",\"position\":1,\"name\":\"Accueil\",\"item\":\"https:\/\/mon-epicerie-berrichonne.fr\/\"},{\"@type\":\"ListItem\",\"position\":2,\"name\":\"Boutique\",\"item\":\"https:\/\/mon-epicerie-berrichonne.fr\/index.php\/boutique\/\"},{\"@type\":\"ListItem\",\"position\":3,\"name\":\"Lentilles Vertes Berrichonne\"}]},{\"@type\":\"WebSite\",\"@id\":\"https:\/\/mon-epicerie-berrichonne.fr\/#website\",\"url\":\"https:\/\/mon-epicerie-berrichonne.fr\/\",\"name\":\"Mon Epicerie berrichonne\",\"description\":\"\",\"potentialAction\":[{\"@type\":\"SearchAction\",\"target\":{\"@type\":\"EntryPoint\",\"urlTemplate\":\"https:\/\/mon-epicerie-berrichonne.fr\/?s={search_term_string}\"},\"query-input\":{\"@type\":\"PropertyValueSpecification\",\"valueRequired\":true,\"valueName\":\"search_term_string\"}}],\"inLanguage\":\"fr-FR\"}]}<\/script>\n<!-- \/ Yoast SEO plugin. -->","yoast_head_json":{"title":"Lentilles Vertes Berrichonne - Mon Epicerie berrichonne","robots":{"index":"index","follow":"follow","max-snippet":"max-snippet:-1","max-image-preview":"max-image-preview:large","max-video-preview":"max-video-preview:-1"},"canonical":"https:\/\/mon-epicerie-berrichonne.fr\/index.php\/product\/lentilles-vertes-berrichonne\/","og_locale":"fr_FR","og_type":"article","og_title":"Lentilles Vertes Berrichonne - Mon Epicerie berrichonne","og_description":"Classique de la cuisine traditionnelle, la lentille verte berrichonne a un go\u00fbt prononc\u00e9e, elle se marie avec harmonie avec la saucisse de Toulouse ou avec le petit sal\u00e9. Elle s&#8217;accommode aussi \u00e0 merveille en vinaigrette. Processus de Culture\u00a0: Dans une terre argilo-calcaire les lentilles sont sem\u00e9es en Mars. R\u00e9colt\u00e9es en Juillet \u00e0 l\u2019aide d\u2019une moissonneuse...","og_url":"https:\/\/mon-epicerie-berrichonne.fr\/index.php\/product\/lentilles-vertes-berrichonne\/","og_site_name":"Mon Epicerie berrichonne","og_image":[{"width":1920,"height":2560,"url":"https:\/\/mon-epicerie-berrichonne.fr\/wp-content\/uploads\/2024\/06\/LENTILLES-VERTES-1-scaled-2.jpg","type":"image\/jpeg"}],"twitter_card":"summary_large_image","twitter_misc":{"Dur\u00e9e de lecture estim\u00e9e":"1 minute"},"schema":{"@context":"https:\/\/schema.org","@graph":[{"@type":"WebPage","@id":"https:\/\/mon-epicerie-berrichonne.fr\/index.php\/product\/lentilles-vertes-berrichonne\/","url":"https:\/\/mon-epicerie-berrichonne.fr\/index.php\/product\/lentilles-vertes-berrichonne\/","name":"Lentilles Vertes Berrichonne - Mon Epicerie berrichonne","isPartOf":{"@id":"https:\/\/mon-epicerie-berrichonne.fr\/#website"},"primaryImageOfPage":{"@id":"https:\/\/mon-epicerie-berrichonne.fr\/index.php\/product\/lentilles-vertes-berrichonne\/#primaryimage"},"image":{"@id":"https:\/\/mon-epicerie-berrichonne.fr\/index.php\/product\/lentilles-vertes-berrichonne\/#primaryimage"},"thumbnailUrl":"https:\/\/mon-epicerie-berrichonne.fr\/wp-content\/uploads\/2024\/06\/LENTILLES-VERTES-1-scaled-2.jpg","datePublished":"2024-06-28T08:04:17+00:00","breadcrumb":{"@id":"https:\/\/mon-epicerie-berrichonne.fr\/index.php\/product\/lentilles-vertes-berrichonne\/#breadcrumb"},"inLanguage":"fr-FR","potentialAction":[{"@type":"ReadAction","target":["https:\/\/mon-epicerie-berrichonne.fr\/index.php\/product\/lentilles-vertes-berrichonne\/"]}]},{"@type":"ImageObject","inLanguage":"fr-FR","@id":"https:\/\/mon-epicerie-berrichonne.fr\/index.php\/product\/lentilles-vertes-berrichonne\/#primaryimage","url":"https:\/\/mon-epicerie-berrichonne.fr\/wp-content\/uploads\/2024\/06\/LENTILLES-VERTES-1-scaled-2.jpg","contentUrl":"https:\/\/mon-epicerie-berrichonne.fr\/wp-content\/uploads\/2024\/06\/LENTILLES-VERTES-1-scaled-2.jpg","width":1920,"height":2560,"caption":"Lentilles vertes"},{"@type":"BreadcrumbList","@id":"https:\/\/mon-epicerie-berrichonne.fr\/index.php\/product\/lentilles-vertes-berrichonne\/#breadcrumb","itemListElement":[{"@type":"ListItem","position":1,"name":"Accueil","item":"https:\/\/mon-epicerie-berrichonne.fr\/"},{"@type":"ListItem","position":2,"name":"Boutique","item":"https:\/\/mon-epicerie-berrichonne.fr\/index.php\/boutique\/"},{"@type":"ListItem","position":3,"name":"Lentilles Vertes Berrichonne"}]},{"@type":"WebSite","@id":"https:\/\/mon-epicerie-berrichonne.fr\/#website","url":"https:\/\/mon-epicerie-berrichonne.fr\/","name":"Mon Epicerie berrichonne","description":"","potentialAction":[{"@type":"SearchAction","target":{"@type":"EntryPoint","urlTemplate":"https:\/\/mon-epicerie-berrichonne.fr\/?s={search_term_string}"},"query-input":{"@type":"PropertyValueSpecification","valueRequired":true,"valueName":"search_term_string"}}],"inLanguage":"fr-FR"}]}},"_links":{"self":[{"href":"https:\/\/mon-epicerie-berrichonne.fr\/index.php\/wp-json\/wp\/v2\/product\/4630","targetHints":{"allow":["GET"]}}],"collection":[{"href":"https:\/\/mon-epicerie-berrichonne.fr\/index.php\/wp-json\/wp\/v2\/product"}],"about":[{"href":"https:\/\/mon-epicerie-berrichonne.fr\/index.php\/wp-json\/wp\/v2\/types\/product"}],"replies":[{"embeddable":true,"href":"https:\/\/mon-epicerie-berrichonne.fr\/index.php\/wp-json\/wp\/v2\/comments?post=4630"}],"wp:featuredmedia":[{"embeddable":true,"href":"https:\/\/mon-epicerie-berrichonne.fr\/index.php\/wp-json\/wp\/v2\/media\/4631"}],"wp:attachment":[{"href":"https:\/\/mon-epicerie-berrichonne.fr\/index.php\/wp-json\/wp\/v2\/media?parent=4630"}],"wp:term":[{"taxonomy":"product_brand","embeddable":true,"href":"https:\/\/mon-epicerie-berrichonne.fr\/index.php\/wp-json\/wp\/v2\/product_brand?post=4630"},{"taxonomy":"product_cat","embeddable":true,"href":"https:\/\/mon-epicerie-berrichonne.fr\/index.php\/wp-json\/wp\/v2\/product_cat?post=4630"},{"taxonomy":"product_tag","embeddable":true,"href":"https:\/\/mon-epicerie-berrichonne.fr\/index.php\/wp-json\/wp\/v2\/product_tag?post=4630"}],"curies":[{"name":"wp","href":"https:\/\/api.w.org\/{rel}","templated":true}]}}