{"id":4595,"date":"2024-06-28T08:28:34","date_gmt":"2024-06-28T06:28:34","guid":{"rendered":"http:\/\/site.mon-epicerie-berrichonne.fr\/?post_type=product&#038;p=4595"},"modified":"2024-06-28T08:38:27","modified_gmt":"2024-06-28T06:38:27","slug":"quinoa-danjou","status":"publish","type":"product","link":"https:\/\/mon-epicerie-berrichonne.fr\/index.php\/product\/quinoa-danjou\/","title":{"rendered":"Quinoa d\u2019Anjou"},"content":{"rendered":"<p>Le quinoa est une l\u00e9gumineuse originaire d&#8217;Am\u00e9rique du Sud. Sur ces derni\u00e8res ann\u00e9es le quinoa s&#8217;est fait une place sur nos tables gr\u00e2ce \u00e0 son apport nutritif et son adaptabilit\u00e9 dans de nombreux plats.<\/p>\n","protected":false},"excerpt":{"rendered":"<p>Le quinoa est une l\u00e9gumineuse originaire d&#8217;Am\u00e9rique du Sud. Sur ces derni\u00e8res ann\u00e9es le quinoa s&#8217;est fait une place sur nos tables gr\u00e2ce \u00e0 son apport nutritif et son adaptabilit\u00e9 dans de nombreux plats.<\/p>\n","protected":false},"featured_media":4596,"comment_status":"open","ping_status":"closed","template":"","meta":[],"product_brand":[],"product_cat":[70],"product_tag":[],"class_list":{"0":"post-4595","1":"product","2":"type-product","3":"status-publish","4":"has-post-thumbnail","6":"product_cat-legumes-sec","7":"nt-post-class","8":"","12":"excerpt-none","17":"first","18":"instock","19":"taxable","20":"shipping-taxable","21":"purchasable","22":"product-type-simple"},"yoast_head":"<!-- This site is optimized with the Yoast SEO plugin v27.2 - https:\/\/yoast.com\/product\/yoast-seo-wordpress\/ -->\n<title>Quinoa d\u2019Anjou - Mon Epicerie berrichonne<\/title>\n<meta name=\"robots\" content=\"index, follow, max-snippet:-1, max-image-preview:large, max-video-preview:-1\" \/>\n<link rel=\"canonical\" href=\"https:\/\/mon-epicerie-berrichonne.fr\/index.php\/product\/quinoa-danjou\/\" \/>\n<meta property=\"og:locale\" content=\"fr_FR\" \/>\n<meta property=\"og:type\" content=\"article\" \/>\n<meta property=\"og:title\" content=\"Quinoa d\u2019Anjou - Mon Epicerie berrichonne\" \/>\n<meta property=\"og:description\" content=\"Le quinoa est une l\u00e9gumineuse originaire d&#8217;Am\u00e9rique du Sud. Sur ces derni\u00e8res ann\u00e9es le quinoa s&#8217;est fait une place sur nos tables gr\u00e2ce \u00e0 son apport nutritif et son adaptabilit\u00e9 dans de nombreux plats.\" \/>\n<meta property=\"og:url\" content=\"https:\/\/mon-epicerie-berrichonne.fr\/index.php\/product\/quinoa-danjou\/\" \/>\n<meta property=\"og:site_name\" content=\"Mon Epicerie berrichonne\" \/>\n<meta property=\"article:modified_time\" content=\"2024-06-28T06:38:27+00:00\" \/>\n<meta property=\"og:image\" content=\"https:\/\/mon-epicerie-berrichonne.fr\/wp-content\/uploads\/2024\/06\/IMG-20240417-WA0012.jpg\" \/>\n\t<meta property=\"og:image:width\" content=\"706\" \/>\n\t<meta property=\"og:image:height\" content=\"966\" \/>\n\t<meta property=\"og:image:type\" content=\"image\/jpeg\" \/>\n<meta name=\"twitter:card\" content=\"summary_large_image\" \/>\n<script type=\"application\/ld+json\" class=\"yoast-schema-graph\">{\"@context\":\"https:\/\/schema.org\",\"@graph\":[{\"@type\":\"WebPage\",\"@id\":\"https:\/\/mon-epicerie-berrichonne.fr\/index.php\/product\/quinoa-danjou\/\",\"url\":\"https:\/\/mon-epicerie-berrichonne.fr\/index.php\/product\/quinoa-danjou\/\",\"name\":\"Quinoa d\u2019Anjou - Mon Epicerie berrichonne\",\"isPartOf\":{\"@id\":\"https:\/\/mon-epicerie-berrichonne.fr\/#website\"},\"primaryImageOfPage\":{\"@id\":\"https:\/\/mon-epicerie-berrichonne.fr\/index.php\/product\/quinoa-danjou\/#primaryimage\"},\"image\":{\"@id\":\"https:\/\/mon-epicerie-berrichonne.fr\/index.php\/product\/quinoa-danjou\/#primaryimage\"},\"thumbnailUrl\":\"https:\/\/mon-epicerie-berrichonne.fr\/wp-content\/uploads\/2024\/06\/IMG-20240417-WA0012.jpg\",\"datePublished\":\"2024-06-28T06:28:34+00:00\",\"dateModified\":\"2024-06-28T06:38:27+00:00\",\"breadcrumb\":{\"@id\":\"https:\/\/mon-epicerie-berrichonne.fr\/index.php\/product\/quinoa-danjou\/#breadcrumb\"},\"inLanguage\":\"fr-FR\",\"potentialAction\":[{\"@type\":\"ReadAction\",\"target\":[\"https:\/\/mon-epicerie-berrichonne.fr\/index.php\/product\/quinoa-danjou\/\"]}]},{\"@type\":\"ImageObject\",\"inLanguage\":\"fr-FR\",\"@id\":\"https:\/\/mon-epicerie-berrichonne.fr\/index.php\/product\/quinoa-danjou\/#primaryimage\",\"url\":\"https:\/\/mon-epicerie-berrichonne.fr\/wp-content\/uploads\/2024\/06\/IMG-20240417-WA0012.jpg\",\"contentUrl\":\"https:\/\/mon-epicerie-berrichonne.fr\/wp-content\/uploads\/2024\/06\/IMG-20240417-WA0012.jpg\",\"width\":706,\"height\":966},{\"@type\":\"BreadcrumbList\",\"@id\":\"https:\/\/mon-epicerie-berrichonne.fr\/index.php\/product\/quinoa-danjou\/#breadcrumb\",\"itemListElement\":[{\"@type\":\"ListItem\",\"position\":1,\"name\":\"Accueil\",\"item\":\"https:\/\/mon-epicerie-berrichonne.fr\/\"},{\"@type\":\"ListItem\",\"position\":2,\"name\":\"Boutique\",\"item\":\"https:\/\/mon-epicerie-berrichonne.fr\/index.php\/boutique\/\"},{\"@type\":\"ListItem\",\"position\":3,\"name\":\"Quinoa d\u2019Anjou\"}]},{\"@type\":\"WebSite\",\"@id\":\"https:\/\/mon-epicerie-berrichonne.fr\/#website\",\"url\":\"https:\/\/mon-epicerie-berrichonne.fr\/\",\"name\":\"Mon Epicerie berrichonne\",\"description\":\"\",\"potentialAction\":[{\"@type\":\"SearchAction\",\"target\":{\"@type\":\"EntryPoint\",\"urlTemplate\":\"https:\/\/mon-epicerie-berrichonne.fr\/?s={search_term_string}\"},\"query-input\":{\"@type\":\"PropertyValueSpecification\",\"valueRequired\":true,\"valueName\":\"search_term_string\"}}],\"inLanguage\":\"fr-FR\"}]}<\/script>\n<!-- \/ Yoast SEO plugin. -->","yoast_head_json":{"title":"Quinoa d\u2019Anjou - Mon Epicerie berrichonne","robots":{"index":"index","follow":"follow","max-snippet":"max-snippet:-1","max-image-preview":"max-image-preview:large","max-video-preview":"max-video-preview:-1"},"canonical":"https:\/\/mon-epicerie-berrichonne.fr\/index.php\/product\/quinoa-danjou\/","og_locale":"fr_FR","og_type":"article","og_title":"Quinoa d\u2019Anjou - Mon Epicerie berrichonne","og_description":"Le quinoa est une l\u00e9gumineuse originaire d&#8217;Am\u00e9rique du Sud. Sur ces derni\u00e8res ann\u00e9es le quinoa s&#8217;est fait une place sur nos tables gr\u00e2ce \u00e0 son apport nutritif et son adaptabilit\u00e9 dans de nombreux plats.","og_url":"https:\/\/mon-epicerie-berrichonne.fr\/index.php\/product\/quinoa-danjou\/","og_site_name":"Mon Epicerie berrichonne","article_modified_time":"2024-06-28T06:38:27+00:00","og_image":[{"width":706,"height":966,"url":"https:\/\/mon-epicerie-berrichonne.fr\/wp-content\/uploads\/2024\/06\/IMG-20240417-WA0012.jpg","type":"image\/jpeg"}],"twitter_card":"summary_large_image","schema":{"@context":"https:\/\/schema.org","@graph":[{"@type":"WebPage","@id":"https:\/\/mon-epicerie-berrichonne.fr\/index.php\/product\/quinoa-danjou\/","url":"https:\/\/mon-epicerie-berrichonne.fr\/index.php\/product\/quinoa-danjou\/","name":"Quinoa d\u2019Anjou - Mon Epicerie berrichonne","isPartOf":{"@id":"https:\/\/mon-epicerie-berrichonne.fr\/#website"},"primaryImageOfPage":{"@id":"https:\/\/mon-epicerie-berrichonne.fr\/index.php\/product\/quinoa-danjou\/#primaryimage"},"image":{"@id":"https:\/\/mon-epicerie-berrichonne.fr\/index.php\/product\/quinoa-danjou\/#primaryimage"},"thumbnailUrl":"https:\/\/mon-epicerie-berrichonne.fr\/wp-content\/uploads\/2024\/06\/IMG-20240417-WA0012.jpg","datePublished":"2024-06-28T06:28:34+00:00","dateModified":"2024-06-28T06:38:27+00:00","breadcrumb":{"@id":"https:\/\/mon-epicerie-berrichonne.fr\/index.php\/product\/quinoa-danjou\/#breadcrumb"},"inLanguage":"fr-FR","potentialAction":[{"@type":"ReadAction","target":["https:\/\/mon-epicerie-berrichonne.fr\/index.php\/product\/quinoa-danjou\/"]}]},{"@type":"ImageObject","inLanguage":"fr-FR","@id":"https:\/\/mon-epicerie-berrichonne.fr\/index.php\/product\/quinoa-danjou\/#primaryimage","url":"https:\/\/mon-epicerie-berrichonne.fr\/wp-content\/uploads\/2024\/06\/IMG-20240417-WA0012.jpg","contentUrl":"https:\/\/mon-epicerie-berrichonne.fr\/wp-content\/uploads\/2024\/06\/IMG-20240417-WA0012.jpg","width":706,"height":966},{"@type":"BreadcrumbList","@id":"https:\/\/mon-epicerie-berrichonne.fr\/index.php\/product\/quinoa-danjou\/#breadcrumb","itemListElement":[{"@type":"ListItem","position":1,"name":"Accueil","item":"https:\/\/mon-epicerie-berrichonne.fr\/"},{"@type":"ListItem","position":2,"name":"Boutique","item":"https:\/\/mon-epicerie-berrichonne.fr\/index.php\/boutique\/"},{"@type":"ListItem","position":3,"name":"Quinoa d\u2019Anjou"}]},{"@type":"WebSite","@id":"https:\/\/mon-epicerie-berrichonne.fr\/#website","url":"https:\/\/mon-epicerie-berrichonne.fr\/","name":"Mon Epicerie berrichonne","description":"","potentialAction":[{"@type":"SearchAction","target":{"@type":"EntryPoint","urlTemplate":"https:\/\/mon-epicerie-berrichonne.fr\/?s={search_term_string}"},"query-input":{"@type":"PropertyValueSpecification","valueRequired":true,"valueName":"search_term_string"}}],"inLanguage":"fr-FR"}]}},"_links":{"self":[{"href":"https:\/\/mon-epicerie-berrichonne.fr\/index.php\/wp-json\/wp\/v2\/product\/4595","targetHints":{"allow":["GET"]}}],"collection":[{"href":"https:\/\/mon-epicerie-berrichonne.fr\/index.php\/wp-json\/wp\/v2\/product"}],"about":[{"href":"https:\/\/mon-epicerie-berrichonne.fr\/index.php\/wp-json\/wp\/v2\/types\/product"}],"replies":[{"embeddable":true,"href":"https:\/\/mon-epicerie-berrichonne.fr\/index.php\/wp-json\/wp\/v2\/comments?post=4595"}],"wp:featuredmedia":[{"embeddable":true,"href":"https:\/\/mon-epicerie-berrichonne.fr\/index.php\/wp-json\/wp\/v2\/media\/4596"}],"wp:attachment":[{"href":"https:\/\/mon-epicerie-berrichonne.fr\/index.php\/wp-json\/wp\/v2\/media?parent=4595"}],"wp:term":[{"taxonomy":"product_brand","embeddable":true,"href":"https:\/\/mon-epicerie-berrichonne.fr\/index.php\/wp-json\/wp\/v2\/product_brand?post=4595"},{"taxonomy":"product_cat","embeddable":true,"href":"https:\/\/mon-epicerie-berrichonne.fr\/index.php\/wp-json\/wp\/v2\/product_cat?post=4595"},{"taxonomy":"product_tag","embeddable":true,"href":"https:\/\/mon-epicerie-berrichonne.fr\/index.php\/wp-json\/wp\/v2\/product_tag?post=4595"}],"curies":[{"name":"wp","href":"https:\/\/api.w.org\/{rel}","templated":true}]}}